{"id":1442,"date":"2025-10-23T09:43:10","date_gmt":"2025-10-23T07:43:10","guid":{"rendered":"https:\/\/www.mojkombi.si\/prevozi-in-selitve\/"},"modified":"2025-12-04T20:50:37","modified_gmt":"2025-12-04T19:50:37","slug":"transporte-umzuege","status":"publish","type":"page","link":"https:\/\/www.mojkombi.si\/de\/transporte-umzuege\/","title":{"rendered":"Transporte &#038; Umz\u00fcge"},"content":{"rendered":"\t\t<div data-elementor-type=\"wp-page\" data-elementor-id=\"1442\" class=\"elementor elementor-1442 elementor-1211\">\n\t\t\t\t\t\t<section class=\"elementor-section elementor-top-section elementor-element elementor-element-ac0e9c7 elementor-section-stretched elementor-section-boxed elementor-section-height-default elementor-section-height-default wpr-particle-no wpr-jarallax-no wpr-parallax-no wpr-sticky-section-no\" data-id=\"ac0e9c7\" data-element_type=\"section\" data-settings=\"{&quot;stretch_section&quot;:&quot;section-stretched&quot;,&quot;background_background&quot;:&quot;classic&quot;}\">\n\t\t\t\t\t\t<div class=\"elementor-container elementor-column-gap-default\">\n\t\t\t\t\t<div class=\"elementor-column elementor-col-100 elementor-top-column elementor-element elementor-element-006c95c\" data-id=\"006c95c\" data-element_type=\"column\" data-settings=\"{&quot;background_background&quot;:&quot;classic&quot;}\">\n\t\t\t<div class=\"elementor-widget-wrap elementor-element-populated\">\n\t\t\t\t\t\t<div class=\"elementor-element elementor-element-d3337ef elementor-widget elementor-widget-spacer\" data-id=\"d3337ef\" data-element_type=\"widget\" data-widget_type=\"spacer.default\">\n\t\t\t\t\t\t\t<div class=\"elementor-spacer\">\n\t\t\t<div class=\"elementor-spacer-inner\"><\/div>\n\t\t<\/div>\n\t\t\t\t\t\t<\/div>\n\t\t\t\t\t<\/div>\n\t\t<\/div>\n\t\t\t\t\t<\/div>\n\t\t<\/section>\n\t\t\t\t<section class=\"elementor-section elementor-top-section elementor-element elementor-element-ef9be39 elementor-section-boxed elementor-section-height-default elementor-section-height-default wpr-particle-no wpr-jarallax-no wpr-parallax-no wpr-sticky-section-no\" data-id=\"ef9be39\" data-element_type=\"section\">\n\t\t\t\t\t\t<div class=\"elementor-container elementor-column-gap-default\">\n\t\t\t\t\t<div class=\"elementor-column elementor-col-100 elementor-top-column elementor-element elementor-element-0bc88ae\" data-id=\"0bc88ae\" data-element_type=\"column\">\n\t\t\t<div class=\"elementor-widget-wrap elementor-element-populated\">\n\t\t\t\t\t\t<section class=\"elementor-section elementor-inner-section elementor-element elementor-element-1118559 elementor-section-boxed elementor-section-height-default elementor-section-height-default wpr-particle-no wpr-jarallax-no wpr-parallax-no wpr-sticky-section-no\" data-id=\"1118559\" data-element_type=\"section\">\n\t\t\t\t\t\t<div class=\"elementor-container elementor-column-gap-default\">\n\t\t\t\t\t<div class=\"elementor-column elementor-col-50 elementor-inner-column elementor-element elementor-element-3e00c43\" data-id=\"3e00c43\" data-element_type=\"column\" data-settings=\"{&quot;background_background&quot;:&quot;classic&quot;}\">\n\t\t\t<div class=\"elementor-widget-wrap elementor-element-populated\">\n\t\t\t\t\t\t<div class=\"elementor-element elementor-element-81f2cb5 elementor-widget elementor-widget-heading\" data-id=\"81f2cb5\" data-element_type=\"widget\" data-widget_type=\"heading.default\">\n\t\t\t\t\t<h2 class=\"elementor-heading-title elementor-size-default\">TRANSPORT<\/h2>\t\t\t\t<\/div>\n\t\t\t\t<div class=\"elementor-element elementor-element-fdefb48 elementor-widget elementor-widget-text-editor\" data-id=\"fdefb48\" data-element_type=\"widget\" data-widget_type=\"text-editor.default\">\n\t\t\t\t\t\t\t\t\t<p><strong>Transport nach Ihren Bed\u00fcrfnissen<\/strong><\/p><p>Wir bieten <strong>ma\u00dfgeschneiderte Transportdienstleistungen<\/strong> f\u00fcr verschiedene Anforderungen \u2013 von kleineren Lieferungen bis hin zu gr\u00f6\u00dferen Transporten mit Transportern in Slowenien und im Ausland.<br \/>Unsere Fahrer sind zuverl\u00e4ssig, p\u00fcnktlich und flexibel, sodass wir eine sichere Lieferung Ihrer G\u00fcter zum vereinbarten Zeitpunkt gew\u00e4hrleisten.<\/p><p><br \/><strong>Unsere Dienstleistungen umfassen:<\/strong><\/p><ul><li>Transport von Waren, M\u00f6beln und technischer Ausr\u00fcstung<\/li><li>Transporte f\u00fcr Unternehmen, Gesch\u00e4fte und Baustellen<\/li><li>Logistiklieferungen nach Zeitplan oder auf Anfrage<\/li><li>Transporte innerhalb Sloweniens und ins Ausland (EU-L\u00e4nder)<\/li><li>Vermietung eines Transporters mit oder ohne Fahrer<\/li><\/ul><p><strong>Warum Sie uns w\u00e4hlen sollten:<\/strong><\/p><ul><li>Moderner Fuhrpark mit gepflegten Transportern<\/li><li>Faire Preise und hohe Flexibilit\u00e4t<\/li><li>M\u00f6glichkeit f\u00fcr Expresslieferungen innerhalb von 24 Stunden<\/li><li>Professionelle Abwicklung durch ein erfahrenes Team<\/li><\/ul>\t\t\t\t\t\t\t\t<\/div>\n\t\t\t\t\t<\/div>\n\t\t<\/div>\n\t\t\t\t<div class=\"elementor-column elementor-col-50 elementor-inner-column elementor-element elementor-element-650b643\" data-id=\"650b643\" data-element_type=\"column\" data-settings=\"{&quot;background_background&quot;:&quot;classic&quot;}\">\n\t\t\t<div class=\"elementor-widget-wrap elementor-element-populated\">\n\t\t\t\t\t\t<div class=\"elementor-element elementor-element-e5ab46f elementor-widget elementor-widget-heading\" data-id=\"e5ab46f\" data-element_type=\"widget\" data-widget_type=\"heading.default\">\n\t\t\t\t\t<h2 class=\"elementor-heading-title elementor-size-default\">UMZ\u00dcGE<\/h2>\t\t\t\t<\/div>\n\t\t\t\t<div class=\"elementor-element elementor-element-7c3c1df elementor-widget elementor-widget-text-editor\" data-id=\"7c3c1df\" data-element_type=\"widget\" data-widget_type=\"text-editor.default\">\n\t\t\t\t\t\t\t\t\t<p><strong>Stressfreie Umz\u00fcge \u2013 schnell, sicher und g\u00fcnstig<\/strong><\/p><div>Ein Umzug kann stressig sein \u2013 au\u00dfer Sie \u00fcberlassen ihn qualifizierten Fachleuten.<\/div><div>Unser Team k\u00fcmmert sich um den <strong>gesamten Umzugsprozess<\/strong> \u2013 von der Demontage und dem Schutz der M\u00f6bel \u00fcber den Transport bis hin zum Einbringen und eventuellen Wiederaufbau am neuen Standort.<\/div><div>\u00a0<\/div><div><strong>Wir f\u00fchren durch:<\/strong><\/div><ul><li>Umz\u00fcge von Wohnungen, H\u00e4usern und Gesch\u00e4ftsr\u00e4umen<\/li><li>Umz\u00fcge von B\u00fcros, Gesch\u00e4ften und Lagern<\/li><li>Abtransport von alten M\u00f6beln und Sperrm\u00fcll<\/li><li>Verpacken und professionelles Sch\u00fctzen Ihrer Gegenst\u00e4nde<\/li><\/ul><div>Jeden Umzug planen wir <strong>individuell<\/strong>, angepasst an Ihre W\u00fcnsche und zeitlichen Vorgaben.<\/div><div>Mit modernen Fahrzeugen, geeigneter Schutzausr\u00fcstung und einer verantwortungsvollen Arbeitsweise stellen wir sicher, dass alles in einwandfreiem Zustand am Ziel ankommt.<\/div>\t\t\t\t\t\t\t\t<\/div>\n\t\t\t\t\t<\/div>\n\t\t<\/div>\n\t\t\t\t\t<\/div>\n\t\t<\/section>\n\t\t\t\t\t<\/div>\n\t\t<\/div>\n\t\t\t\t\t<\/div>\n\t\t<\/section>\n\t\t\t\t<\/div>\n\t\t","protected":false},"excerpt":{"rendered":"<p>TRANSPORT Transport nach Ihren Bed\u00fcrfnissen Wir bieten ma\u00dfgeschneiderte Transportdienstleistungen f\u00fcr verschiedene Anforderungen \u2013 von kleineren Lieferungen bis hin zu gr\u00f6\u00dferen Transporten mit Transportern in Slowenien und im Ausland.Unsere Fahrer sind zuverl\u00e4ssig, p\u00fcnktlich und flexibel, sodass wir eine sichere Lieferung Ihrer G\u00fcter zum vereinbarten Zeitpunkt gew\u00e4hrleisten. Unsere Dienstleistungen umfassen: Transport von Waren, M\u00f6beln und technischer Ausr\u00fcstung Transporte f\u00fcr Unternehmen, Gesch\u00e4fte und Baustellen Logistiklieferungen nach Zeitplan oder auf Anfrage Transporte innerhalb Sloweniens und ins Ausland (EU-L\u00e4nder) Vermietung eines Transporters mit oder ohne Fahrer Warum Sie uns w\u00e4hlen sollten: Moderner Fuhrpark mit gepflegten Transportern Faire Preise und hohe Flexibilit\u00e4t M\u00f6glichkeit f\u00fcr Expresslieferungen innerhalb von 24 Stunden Professionelle Abwicklung durch ein erfahrenes Team UMZ\u00dcGE Stressfreie Umz\u00fcge \u2013 schnell, sicher und g\u00fcnstig Ein Umzug kann stressig sein \u2013 au\u00dfer Sie \u00fcberlassen ihn qualifizierten Fachleuten.Unser Team k\u00fcmmert sich um den gesamten Umzugsprozess \u2013 von der Demontage und dem Schutz der M\u00f6bel \u00fcber den Transport bis hin zum Einbringen und eventuellen Wiederaufbau am neuen Standort.\u00a0Wir f\u00fchren durch: Umz\u00fcge von Wohnungen, H\u00e4usern und Gesch\u00e4ftsr\u00e4umen Umz\u00fcge von B\u00fcros, Gesch\u00e4ften und Lagern Abtransport von alten M\u00f6beln und Sperrm\u00fcll Verpacken und professionelles Sch\u00fctzen Ihrer Gegenst\u00e4nde Jeden Umzug planen wir individuell, angepasst an Ihre W\u00fcnsche und zeitlichen Vorgaben.Mit modernen Fahrzeugen, geeigneter Schutzausr\u00fcstung und einer verantwortungsvollen Arbeitsweise stellen wir sicher, dass alles in einwandfreiem Zustand am Ziel ankommt.<\/p>\n","protected":false},"author":1,"featured_media":0,"parent":0,"menu_order":0,"comment_status":"closed","ping_status":"closed","template":"","meta":{"_eb_attr":"","footnotes":""},"class_list":["post-1442","page","type-page","status-publish","hentry"],"yoast_head":"<!-- This site is optimized with the Yoast SEO plugin v26.5 - https:\/\/yoast.com\/wordpress\/plugins\/seo\/ -->\n<title>Transporte &amp; Umz\u00fcge - Moj Kombi<\/title>\n<meta name=\"robots\" content=\"index, follow, max-snippet:-1, max-image-preview:large, max-video-preview:-1\" \/>\n<link rel=\"canonical\" href=\"https:\/\/www.mojkombi.si\/transporte-umzuege\/\" \/>\n<meta property=\"og:locale\" content=\"de_DE\" \/>\n<meta property=\"og:type\" content=\"article\" \/>\n<meta property=\"og:title\" content=\"Transporte &amp; Umz\u00fcge - Moj Kombi\" \/>\n<meta property=\"og:description\" content=\"TRANSPORT Transport nach Ihren Bed\u00fcrfnissen Wir bieten ma\u00dfgeschneiderte Transportdienstleistungen f\u00fcr verschiedene Anforderungen \u2013 von kleineren Lieferungen bis hin zu gr\u00f6\u00dferen Transporten mit Transportern in Slowenien und im Ausland.Unsere Fahrer sind zuverl\u00e4ssig, p\u00fcnktlich und flexibel, sodass wir eine sichere Lieferung Ihrer G\u00fcter zum vereinbarten Zeitpunkt gew\u00e4hrleisten. Unsere Dienstleistungen umfassen: Transport von Waren, M\u00f6beln und technischer Ausr\u00fcstung Transporte f\u00fcr Unternehmen, Gesch\u00e4fte und Baustellen Logistiklieferungen nach Zeitplan oder auf Anfrage Transporte innerhalb Sloweniens und ins Ausland (EU-L\u00e4nder) Vermietung eines Transporters mit oder ohne Fahrer Warum Sie uns w\u00e4hlen sollten: Moderner Fuhrpark mit gepflegten Transportern Faire Preise und hohe Flexibilit\u00e4t M\u00f6glichkeit f\u00fcr Expresslieferungen innerhalb von 24 Stunden Professionelle Abwicklung durch ein erfahrenes Team UMZ\u00dcGE Stressfreie Umz\u00fcge \u2013 schnell, sicher und g\u00fcnstig Ein Umzug kann stressig sein \u2013 au\u00dfer Sie \u00fcberlassen ihn qualifizierten Fachleuten.Unser Team k\u00fcmmert sich um den gesamten Umzugsprozess \u2013 von der Demontage und dem Schutz der M\u00f6bel \u00fcber den Transport bis hin zum Einbringen und eventuellen Wiederaufbau am neuen Standort.\u00a0Wir f\u00fchren durch: Umz\u00fcge von Wohnungen, H\u00e4usern und Gesch\u00e4ftsr\u00e4umen Umz\u00fcge von B\u00fcros, Gesch\u00e4ften und Lagern Abtransport von alten M\u00f6beln und Sperrm\u00fcll Verpacken und professionelles Sch\u00fctzen Ihrer Gegenst\u00e4nde Jeden Umzug planen wir individuell, angepasst an Ihre W\u00fcnsche und zeitlichen Vorgaben.Mit modernen Fahrzeugen, geeigneter Schutzausr\u00fcstung und einer verantwortungsvollen Arbeitsweise stellen wir sicher, dass alles in einwandfreiem Zustand am Ziel ankommt.\" \/>\n<meta property=\"og:url\" content=\"https:\/\/www.mojkombi.si\/transporte-umzuege\/\" \/>\n<meta property=\"og:site_name\" content=\"Moj Kombi\" \/>\n<meta property=\"article:modified_time\" content=\"2025-12-04T19:50:37+00:00\" \/>\n<meta property=\"og:image\" content=\"https:\/\/www.mojkombi.si\/wp-content\/uploads\/2025\/10\/Slika_01_vrh_strani.jpg\" \/>\n\t<meta property=\"og:image:width\" content=\"2000\" \/>\n\t<meta property=\"og:image:height\" content=\"1000\" \/>\n\t<meta property=\"og:image:type\" content=\"image\/jpeg\" \/>\n<meta name=\"twitter:card\" content=\"summary_large_image\" \/>\n<meta name=\"twitter:label1\" content=\"Gesch\u00e4tzte Lesezeit\" \/>\n\t<meta name=\"twitter:data1\" content=\"1\u00a0Minute\" \/>\n<script type=\"application\/ld+json\" class=\"yoast-schema-graph\">{\"@context\":\"https:\/\/schema.org\",\"@graph\":[{\"@type\":\"WebPage\",\"@id\":\"https:\/\/www.mojkombi.si\/transporte-umzuege\/\",\"url\":\"https:\/\/www.mojkombi.si\/transporte-umzuege\/\",\"name\":\"Transporte & Umz\u00fcge - Moj Kombi\",\"isPartOf\":{\"@id\":\"https:\/\/www.mojkombi.si\/#website\"},\"datePublished\":\"2025-10-23T07:43:10+00:00\",\"dateModified\":\"2025-12-04T19:50:37+00:00\",\"breadcrumb\":{\"@id\":\"https:\/\/www.mojkombi.si\/transporte-umzuege\/#breadcrumb\"},\"inLanguage\":\"de\",\"potentialAction\":[{\"@type\":\"ReadAction\",\"target\":[\"https:\/\/www.mojkombi.si\/transporte-umzuege\/\"]}]},{\"@type\":\"BreadcrumbList\",\"@id\":\"https:\/\/www.mojkombi.si\/transporte-umzuege\/#breadcrumb\",\"itemListElement\":[{\"@type\":\"ListItem\",\"position\":1,\"name\":\"Home\",\"item\":\"https:\/\/www.mojkombi.si\/mojkombi-de\/\"},{\"@type\":\"ListItem\",\"position\":2,\"name\":\"Transporte &#038; Umz\u00fcge\"}]},{\"@type\":\"WebSite\",\"@id\":\"https:\/\/www.mojkombi.si\/#website\",\"url\":\"https:\/\/www.mojkombi.si\/\",\"name\":\"Moj Kombi\",\"description\":\"Najem tovornih kombijev - hitro, enostavno in ugodno\",\"publisher\":{\"@id\":\"https:\/\/www.mojkombi.si\/#organization\"},\"potentialAction\":[{\"@type\":\"SearchAction\",\"target\":{\"@type\":\"EntryPoint\",\"urlTemplate\":\"https:\/\/www.mojkombi.si\/?s={search_term_string}\"},\"query-input\":{\"@type\":\"PropertyValueSpecification\",\"valueRequired\":true,\"valueName\":\"search_term_string\"}}],\"inLanguage\":\"de\"},{\"@type\":\"Organization\",\"@id\":\"https:\/\/www.mojkombi.si\/#organization\",\"name\":\"Moj Kombi\",\"url\":\"https:\/\/www.mojkombi.si\/\",\"logo\":{\"@type\":\"ImageObject\",\"inLanguage\":\"de\",\"@id\":\"https:\/\/www.mojkombi.si\/#\/schema\/logo\/image\/\",\"url\":\"https:\/\/www.mojkombi.si\/wp-content\/uploads\/2025\/10\/cropped-LOGO-final_black.png\",\"contentUrl\":\"https:\/\/www.mojkombi.si\/wp-content\/uploads\/2025\/10\/cropped-LOGO-final_black.png\",\"width\":512,\"height\":512,\"caption\":\"Moj Kombi\"},\"image\":{\"@id\":\"https:\/\/www.mojkombi.si\/#\/schema\/logo\/image\/\"}}]}<\/script>\n<!-- \/ Yoast SEO plugin. -->","yoast_head_json":{"title":"Transporte & Umz\u00fcge - Moj Kombi","robots":{"index":"index","follow":"follow","max-snippet":"max-snippet:-1","max-image-preview":"max-image-preview:large","max-video-preview":"max-video-preview:-1"},"canonical":"https:\/\/www.mojkombi.si\/transporte-umzuege\/","og_locale":"de_DE","og_type":"article","og_title":"Transporte & Umz\u00fcge - Moj Kombi","og_description":"TRANSPORT Transport nach Ihren Bed\u00fcrfnissen Wir bieten ma\u00dfgeschneiderte Transportdienstleistungen f\u00fcr verschiedene Anforderungen \u2013 von kleineren Lieferungen bis hin zu gr\u00f6\u00dferen Transporten mit Transportern in Slowenien und im Ausland.Unsere Fahrer sind zuverl\u00e4ssig, p\u00fcnktlich und flexibel, sodass wir eine sichere Lieferung Ihrer G\u00fcter zum vereinbarten Zeitpunkt gew\u00e4hrleisten. Unsere Dienstleistungen umfassen: Transport von Waren, M\u00f6beln und technischer Ausr\u00fcstung Transporte f\u00fcr Unternehmen, Gesch\u00e4fte und Baustellen Logistiklieferungen nach Zeitplan oder auf Anfrage Transporte innerhalb Sloweniens und ins Ausland (EU-L\u00e4nder) Vermietung eines Transporters mit oder ohne Fahrer Warum Sie uns w\u00e4hlen sollten: Moderner Fuhrpark mit gepflegten Transportern Faire Preise und hohe Flexibilit\u00e4t M\u00f6glichkeit f\u00fcr Expresslieferungen innerhalb von 24 Stunden Professionelle Abwicklung durch ein erfahrenes Team UMZ\u00dcGE Stressfreie Umz\u00fcge \u2013 schnell, sicher und g\u00fcnstig Ein Umzug kann stressig sein \u2013 au\u00dfer Sie \u00fcberlassen ihn qualifizierten Fachleuten.Unser Team k\u00fcmmert sich um den gesamten Umzugsprozess \u2013 von der Demontage und dem Schutz der M\u00f6bel \u00fcber den Transport bis hin zum Einbringen und eventuellen Wiederaufbau am neuen Standort.\u00a0Wir f\u00fchren durch: Umz\u00fcge von Wohnungen, H\u00e4usern und Gesch\u00e4ftsr\u00e4umen Umz\u00fcge von B\u00fcros, Gesch\u00e4ften und Lagern Abtransport von alten M\u00f6beln und Sperrm\u00fcll Verpacken und professionelles Sch\u00fctzen Ihrer Gegenst\u00e4nde Jeden Umzug planen wir individuell, angepasst an Ihre W\u00fcnsche und zeitlichen Vorgaben.Mit modernen Fahrzeugen, geeigneter Schutzausr\u00fcstung und einer verantwortungsvollen Arbeitsweise stellen wir sicher, dass alles in einwandfreiem Zustand am Ziel ankommt.","og_url":"https:\/\/www.mojkombi.si\/transporte-umzuege\/","og_site_name":"Moj Kombi","article_modified_time":"2025-12-04T19:50:37+00:00","og_image":[{"width":2000,"height":1000,"url":"https:\/\/www.mojkombi.si\/wp-content\/uploads\/2025\/10\/Slika_01_vrh_strani.jpg","type":"image\/jpeg"}],"twitter_card":"summary_large_image","twitter_misc":{"Gesch\u00e4tzte Lesezeit":"1\u00a0Minute"},"schema":{"@context":"https:\/\/schema.org","@graph":[{"@type":"WebPage","@id":"https:\/\/www.mojkombi.si\/transporte-umzuege\/","url":"https:\/\/www.mojkombi.si\/transporte-umzuege\/","name":"Transporte & Umz\u00fcge - Moj Kombi","isPartOf":{"@id":"https:\/\/www.mojkombi.si\/#website"},"datePublished":"2025-10-23T07:43:10+00:00","dateModified":"2025-12-04T19:50:37+00:00","breadcrumb":{"@id":"https:\/\/www.mojkombi.si\/transporte-umzuege\/#breadcrumb"},"inLanguage":"de","potentialAction":[{"@type":"ReadAction","target":["https:\/\/www.mojkombi.si\/transporte-umzuege\/"]}]},{"@type":"BreadcrumbList","@id":"https:\/\/www.mojkombi.si\/transporte-umzuege\/#breadcrumb","itemListElement":[{"@type":"ListItem","position":1,"name":"Home","item":"https:\/\/www.mojkombi.si\/mojkombi-de\/"},{"@type":"ListItem","position":2,"name":"Transporte &#038; Umz\u00fcge"}]},{"@type":"WebSite","@id":"https:\/\/www.mojkombi.si\/#website","url":"https:\/\/www.mojkombi.si\/","name":"Moj Kombi","description":"Najem tovornih kombijev - hitro, enostavno in ugodno","publisher":{"@id":"https:\/\/www.mojkombi.si\/#organization"},"potentialAction":[{"@type":"SearchAction","target":{"@type":"EntryPoint","urlTemplate":"https:\/\/www.mojkombi.si\/?s={search_term_string}"},"query-input":{"@type":"PropertyValueSpecification","valueRequired":true,"valueName":"search_term_string"}}],"inLanguage":"de"},{"@type":"Organization","@id":"https:\/\/www.mojkombi.si\/#organization","name":"Moj Kombi","url":"https:\/\/www.mojkombi.si\/","logo":{"@type":"ImageObject","inLanguage":"de","@id":"https:\/\/www.mojkombi.si\/#\/schema\/logo\/image\/","url":"https:\/\/www.mojkombi.si\/wp-content\/uploads\/2025\/10\/cropped-LOGO-final_black.png","contentUrl":"https:\/\/www.mojkombi.si\/wp-content\/uploads\/2025\/10\/cropped-LOGO-final_black.png","width":512,"height":512,"caption":"Moj Kombi"},"image":{"@id":"https:\/\/www.mojkombi.si\/#\/schema\/logo\/image\/"}}]}},"_links":{"self":[{"href":"https:\/\/www.mojkombi.si\/de\/wp-json\/wp\/v2\/pages\/1442","targetHints":{"allow":["GET"]}}],"collection":[{"href":"https:\/\/www.mojkombi.si\/de\/wp-json\/wp\/v2\/pages"}],"about":[{"href":"https:\/\/www.mojkombi.si\/de\/wp-json\/wp\/v2\/types\/page"}],"author":[{"embeddable":true,"href":"https:\/\/www.mojkombi.si\/de\/wp-json\/wp\/v2\/users\/1"}],"replies":[{"embeddable":true,"href":"https:\/\/www.mojkombi.si\/de\/wp-json\/wp\/v2\/comments?post=1442"}],"version-history":[{"count":5,"href":"https:\/\/www.mojkombi.si\/de\/wp-json\/wp\/v2\/pages\/1442\/revisions"}],"predecessor-version":[{"id":1527,"href":"https:\/\/www.mojkombi.si\/de\/wp-json\/wp\/v2\/pages\/1442\/revisions\/1527"}],"wp:attachment":[{"href":"https:\/\/www.mojkombi.si\/de\/wp-json\/wp\/v2\/media?parent=1442"}],"curies":[{"name":"wp","href":"https:\/\/api.w.org\/{rel}","templated":true}]}}