{"id":1422,"date":"2025-11-14T12:32:20","date_gmt":"2025-11-14T11:32:20","guid":{"rendered":"https:\/\/www.mojkombi.si\/citroen-jumper-l3h3\/"},"modified":"2025-12-03T23:36:49","modified_gmt":"2025-12-03T22:36:49","slug":"citroen-jumper-l3h3","status":"publish","type":"page","link":"https:\/\/www.mojkombi.si\/de\/citroen-jumper-l3h3\/","title":{"rendered":"Citroen Jumper L3H3"},"content":{"rendered":"\t\t<div data-elementor-type=\"wp-page\" data-elementor-id=\"1422\" class=\"elementor elementor-1422 elementor-1400\">\n\t\t\t\t\t\t<section class=\"elementor-section elementor-top-section elementor-element elementor-element-494ceba elementor-reverse-tablet elementor-reverse-mobile elementor-section-boxed elementor-section-height-default elementor-section-height-default wpr-particle-no wpr-jarallax-no wpr-parallax-no wpr-sticky-section-no\" data-id=\"494ceba\" data-element_type=\"section\">\n\t\t\t\t\t\t<div class=\"elementor-container elementor-column-gap-default\">\n\t\t\t\t\t<div class=\"elementor-column elementor-col-50 elementor-top-column elementor-element elementor-element-b7535cb\" data-id=\"b7535cb\" data-element_type=\"column\">\n\t\t\t<div class=\"elementor-widget-wrap elementor-element-populated\">\n\t\t\t\t\t\t<div class=\"elementor-element elementor-element-e0c2283 elementor-widget elementor-widget-text-editor\" data-id=\"e0c2283\" data-element_type=\"widget\" data-widget_type=\"text-editor.default\">\n\t\t\t\t\t\t\t\t\t<h3>Citroen Jumper L3H3<\/h3><hr \/><p>Ben\u00f6tigen Sie einen zuverl\u00e4ssigen Transporter f\u00fcr einen Umzug, eine Lieferung, ein Projekt oder f\u00fcr eine langfristige Nutzung?<\/p><p>Bei uns bieten wir Ihnen hochwertige, regelm\u00e4\u00dfig gewartete und bestens erhaltene Transporter zur Miete an \u2013 <strong>tageweise, wochenweise, monatlich <\/strong>oder<strong> langfristig.<\/strong><\/p>\t\t\t\t\t\t\t\t<\/div>\n\t\t\t\t<div class=\"elementor-element elementor-element-34c16ed elementor-position-left elementor-mobile-position-left elementor-view-default elementor-widget elementor-widget-icon-box\" data-id=\"34c16ed\" data-element_type=\"widget\" data-widget_type=\"icon-box.default\">\n\t\t\t\t\t\t\t<div class=\"elementor-icon-box-wrapper\">\n\n\t\t\t\t\t\t<div class=\"elementor-icon-box-icon\">\n\t\t\t\t<span  class=\"elementor-icon\">\n\t\t\t\t<i aria-hidden=\"true\" class=\"stmservice-icon- stm-service-icon-sales_phone\"><\/i>\t\t\t\t<\/span>\n\t\t\t<\/div>\n\t\t\t\n\t\t\t\t\t\t<div class=\"elementor-icon-box-content\">\n\n\t\t\t\t\n\t\t\t\t\t\t\t\t\t<p class=\"elementor-icon-box-description\">\n\t\t\t\t\t\tTelefon: <a href=\"tel:+386 70 418 020\">+386 70 418 020<\/a>\n<br>\nEmail: <a href=\"mailto:info@mojkombi.si\">info@mojkombi.si<\/a>\t\t\t\t\t<\/p>\n\t\t\t\t\n\t\t\t<\/div>\n\t\t\t\n\t\t<\/div>\n\t\t\t\t\t\t<\/div>\n\t\t\t\t<div class=\"elementor-element elementor-element-3c59525 elementor-position-left elementor-mobile-position-left elementor-view-default elementor-widget elementor-widget-icon-box\" data-id=\"3c59525\" data-element_type=\"widget\" data-widget_type=\"icon-box.default\">\n\t\t\t\t\t\t\t<div class=\"elementor-icon-box-wrapper\">\n\n\t\t\t\t\t\t<div class=\"elementor-icon-box-icon\">\n\t\t\t\t<span  class=\"elementor-icon\">\n\t\t\t\t<i aria-hidden=\"true\" class=\"stmicon- stm-icon-pin\"><\/i>\t\t\t\t<\/span>\n\t\t\t<\/div>\n\t\t\t\n\t\t\t\t\t\t<div class=\"elementor-icon-box-content\">\n\n\t\t\t\t\t\t\t\t\t<p class=\"elementor-icon-box-title\">\n\t\t\t\t\t\t<span  >\n\t\t\t\t\t\t\tTr\u017ea\u0161ka cesta 23, Maribor, Slowenien\t\t\t\t\t\t<\/span>\n\t\t\t\t\t<\/p>\n\t\t\t\t\n\t\t\t\t\n\t\t\t<\/div>\n\t\t\t\n\t\t<\/div>\n\t\t\t\t\t\t<\/div>\n\t\t\t\t\t<\/div>\n\t\t<\/div>\n\t\t\t\t<div class=\"elementor-column elementor-col-50 elementor-top-column elementor-element elementor-element-d752e90\" data-id=\"d752e90\" data-element_type=\"column\">\n\t\t\t<div class=\"elementor-widget-wrap elementor-element-populated\">\n\t\t\t\t\t\t<div class=\"elementor-element elementor-element-cf8ea1f elementor-widget elementor-widget-image\" data-id=\"cf8ea1f\" data-element_type=\"widget\" data-widget_type=\"image.default\">\n\t\t\t\t\t\t\t\t\t\t\t\t\t\t\t<img fetchpriority=\"high\" decoding=\"async\" width=\"1024\" height=\"658\" src=\"https:\/\/www.mojkombi.si\/wp-content\/uploads\/2025\/11\/Prikazna-slika-1024x658.webp\" class=\"attachment-large size-large wp-image-1399\" alt=\"\" srcset=\"https:\/\/www.mojkombi.si\/wp-content\/uploads\/2025\/11\/Prikazna-slika-1024x658.webp 1024w, https:\/\/www.mojkombi.si\/wp-content\/uploads\/2025\/11\/Prikazna-slika-300x193.webp 300w, https:\/\/www.mojkombi.si\/wp-content\/uploads\/2025\/11\/Prikazna-slika-255x164.webp 255w, https:\/\/www.mojkombi.si\/wp-content\/uploads\/2025\/11\/Prikazna-slika-510x327.webp 510w, https:\/\/www.mojkombi.si\/wp-content\/uploads\/2025\/11\/Prikazna-slika-280x180.webp 280w, https:\/\/www.mojkombi.si\/wp-content\/uploads\/2025\/11\/Prikazna-slika-560x360.webp 560w, https:\/\/www.mojkombi.si\/wp-content\/uploads\/2025\/11\/Prikazna-slika-350x225.webp 350w, https:\/\/www.mojkombi.si\/wp-content\/uploads\/2025\/11\/Prikazna-slika-700x449.webp 700w, https:\/\/www.mojkombi.si\/wp-content\/uploads\/2025\/11\/Prikazna-slika-398x256.webp 398w, https:\/\/www.mojkombi.si\/wp-content\/uploads\/2025\/11\/Prikazna-slika-796x511.webp 796w, https:\/\/www.mojkombi.si\/wp-content\/uploads\/2025\/11\/Prikazna-slika-600x385.webp 600w\" sizes=\"(max-width: 1024px) 100vw, 1024px\" \/>\t\t\t\t\t\t\t\t\t\t\t\t\t\t\t<\/div>\n\t\t\t\t\t<\/div>\n\t\t<\/div>\n\t\t\t\t\t<\/div>\n\t\t<\/section>\n\t\t\t\t<section class=\"elementor-section elementor-top-section elementor-element elementor-element-80c96a6 elementor-section-full_width elementor-section-stretched elementor-section-height-default elementor-section-height-default wpr-particle-no wpr-jarallax-no wpr-parallax-no wpr-sticky-section-no\" data-id=\"80c96a6\" data-element_type=\"section\" data-settings=\"{&quot;stretch_section&quot;:&quot;section-stretched&quot;,&quot;background_background&quot;:&quot;classic&quot;}\">\n\t\t\t\t\t\t<div class=\"elementor-container elementor-column-gap-default\">\n\t\t\t\t\t<div class=\"elementor-column elementor-col-100 elementor-top-column elementor-element elementor-element-bc80d08\" data-id=\"bc80d08\" data-element_type=\"column\">\n\t\t\t<div class=\"elementor-widget-wrap elementor-element-populated\">\n\t\t\t\t\t\t<section class=\"elementor-section elementor-inner-section elementor-element elementor-element-8cc6936 elementor-section-boxed elementor-section-height-default elementor-section-height-default wpr-particle-no wpr-jarallax-no wpr-parallax-no wpr-sticky-section-no\" data-id=\"8cc6936\" data-element_type=\"section\">\n\t\t\t\t\t\t<div class=\"elementor-container elementor-column-gap-default\">\n\t\t\t\t\t<div class=\"elementor-column elementor-col-100 elementor-inner-column elementor-element elementor-element-375ff40\" data-id=\"375ff40\" data-element_type=\"column\">\n\t\t\t<div class=\"elementor-widget-wrap elementor-element-populated\">\n\t\t\t\t\t\t<div class=\"elementor-element elementor-element-548ab7d elementor-widget elementor-widget-heading\" data-id=\"548ab7d\" data-element_type=\"widget\" data-widget_type=\"heading.default\">\n\t\t\t\t\t<h2 class=\"elementor-heading-title elementor-size-default\">Galerija<\/h2>\t\t\t\t<\/div>\n\t\t\t\t<div class=\"elementor-element elementor-element-b2670da elementor-widget elementor-widget-stm-colored-separator\" data-id=\"b2670da\" data-element_type=\"widget\" data-widget_type=\"stm-colored-separator.default\">\n\t\t\t\t<div class=\"elementor-widget-container\">\n\t\t\t\t\t<div class=\"colored-separator\" style=\"text-align: center;\">\n\t\t\t<div class=\"first-long stm-base-background-color\"><\/div>\n\t\t<div class=\"last-short stm-base-background-color\"><\/div>\n\t<\/div>\n\t\t\t\t<\/div>\n\t\t\t\t<\/div>\n\t\t\t\t<div class=\"elementor-element elementor-element-36c793a elementor-widget elementor-widget-motors-image-carousel\" data-id=\"36c793a\" data-element_type=\"widget\" data-widget_type=\"motors-image-carousel.default\">\n\t\t\t\t<div class=\"elementor-widget-container\">\n\t\t\t\t\t\t<div class=\"motors-elementor-widget stm_image_carousel swiper-container\" id=\"stm_image_carousel-51526\">\n\t\t<div class=\"swiper-wrapper\">\n\t\t\t\t\t\t\t\t<div class=\"swiper-slide\">\n\t\t\t\t\t\t\t\t\t\t\t\t<a class=\"stm_fancybox\" href=\"https:\/\/www.mojkombi.si\/wp-content\/uploads\/2025\/11\/20251110_133810.webp\"\n\t\t\t\t\t\t\ttitle=\"Image full version\"\n\t\t\t\t\t\t\trel=\"stm_image_carousel-51526\">\n\t\t\t\t\t\t\t\t\t\t\t\t\t<img decoding=\"async\" src=\"https:\/\/www.mojkombi.si\/wp-content\/uploads\/2025\/11\/20251110_133810-350x250.webp\" alt=\"Gallery image\">\n\t\t\t\t\t\t\t\t\t\t\t\t<\/a>\n\t\t\t\t\t\t\t\t\t\t\t<\/div>\n\t\t\t\t\t\t\t\t\t\t<div class=\"swiper-slide\">\n\t\t\t\t\t\t\t\t\t\t\t\t<a class=\"stm_fancybox\" href=\"https:\/\/www.mojkombi.si\/wp-content\/uploads\/2025\/11\/20251110_133804.webp\"\n\t\t\t\t\t\t\ttitle=\"Image full version\"\n\t\t\t\t\t\t\trel=\"stm_image_carousel-51526\">\n\t\t\t\t\t\t\t\t\t\t\t\t\t<img decoding=\"async\" src=\"https:\/\/www.mojkombi.si\/wp-content\/uploads\/2025\/11\/20251110_133804-350x250.webp\" alt=\"Gallery image\">\n\t\t\t\t\t\t\t\t\t\t\t\t<\/a>\n\t\t\t\t\t\t\t\t\t\t\t<\/div>\n\t\t\t\t\t\t\t\t\t\t<div class=\"swiper-slide\">\n\t\t\t\t\t\t\t\t\t\t\t\t<a class=\"stm_fancybox\" href=\"https:\/\/www.mojkombi.si\/wp-content\/uploads\/2025\/11\/20251110_133800.webp\"\n\t\t\t\t\t\t\ttitle=\"Image full version\"\n\t\t\t\t\t\t\trel=\"stm_image_carousel-51526\">\n\t\t\t\t\t\t\t\t\t\t\t\t\t<img decoding=\"async\" src=\"https:\/\/www.mojkombi.si\/wp-content\/uploads\/2025\/11\/20251110_133800-350x250.webp\" alt=\"Gallery image\">\n\t\t\t\t\t\t\t\t\t\t\t\t<\/a>\n\t\t\t\t\t\t\t\t\t\t\t<\/div>\n\t\t\t\t\t\t\t\t\t\t<div class=\"swiper-slide\">\n\t\t\t\t\t\t\t\t\t\t\t\t<a class=\"stm_fancybox\" href=\"https:\/\/www.mojkombi.si\/wp-content\/uploads\/2025\/11\/20251110_133752-scaled.webp\"\n\t\t\t\t\t\t\ttitle=\"Image full version\"\n\t\t\t\t\t\t\trel=\"stm_image_carousel-51526\">\n\t\t\t\t\t\t\t\t\t\t\t\t\t<img decoding=\"async\" src=\"https:\/\/www.mojkombi.si\/wp-content\/uploads\/2025\/11\/20251110_133752-scaled-350x250.webp\" alt=\"Gallery image\">\n\t\t\t\t\t\t\t\t\t\t\t\t<\/a>\n\t\t\t\t\t\t\t\t\t\t\t<\/div>\n\t\t\t\t\t\t\t\t\t\t<div class=\"swiper-slide\">\n\t\t\t\t\t\t\t\t\t\t\t\t<a class=\"stm_fancybox\" href=\"https:\/\/www.mojkombi.si\/wp-content\/uploads\/2025\/11\/20251110_133731-scaled.webp\"\n\t\t\t\t\t\t\ttitle=\"Image full version\"\n\t\t\t\t\t\t\trel=\"stm_image_carousel-51526\">\n\t\t\t\t\t\t\t\t\t\t\t\t\t<img decoding=\"async\" src=\"https:\/\/www.mojkombi.si\/wp-content\/uploads\/2025\/11\/20251110_133731-scaled-350x250.webp\" alt=\"Gallery image\">\n\t\t\t\t\t\t\t\t\t\t\t\t<\/a>\n\t\t\t\t\t\t\t\t\t\t\t<\/div>\n\t\t\t\t\t\t\t\t\t\t<div class=\"swiper-slide\">\n\t\t\t\t\t\t\t\t\t\t\t\t<a class=\"stm_fancybox\" href=\"https:\/\/www.mojkombi.si\/wp-content\/uploads\/2025\/11\/20251110_133725-scaled.webp\"\n\t\t\t\t\t\t\ttitle=\"Image full version\"\n\t\t\t\t\t\t\trel=\"stm_image_carousel-51526\">\n\t\t\t\t\t\t\t\t\t\t\t\t\t<img decoding=\"async\" src=\"https:\/\/www.mojkombi.si\/wp-content\/uploads\/2025\/11\/20251110_133725-scaled-350x250.webp\" alt=\"Gallery image\">\n\t\t\t\t\t\t\t\t\t\t\t\t<\/a>\n\t\t\t\t\t\t\t\t\t\t\t<\/div>\n\t\t\t\t\t\t\t\t\t\t<div class=\"swiper-slide\">\n\t\t\t\t\t\t\t\t\t\t\t\t<a class=\"stm_fancybox\" href=\"https:\/\/www.mojkombi.si\/wp-content\/uploads\/2025\/11\/Prikazna-slika-scaled.webp\"\n\t\t\t\t\t\t\ttitle=\"Image full version\"\n\t\t\t\t\t\t\trel=\"stm_image_carousel-51526\">\n\t\t\t\t\t\t\t\t\t\t\t\t\t<img decoding=\"async\" src=\"https:\/\/www.mojkombi.si\/wp-content\/uploads\/2025\/11\/Prikazna-slika-scaled-350x250.webp\" alt=\"Gallery image\">\n\t\t\t\t\t\t\t\t\t\t\t\t<\/a>\n\t\t\t\t\t\t\t\t\t\t\t<\/div>\n\t\t\t\t\t\t\t<\/div>\n\n\t\t\t\t\t<div class=\"stm-swiper-controls\">\n\t\t\t\t\t\t\t\t\t<div class=\"stm-swiper-prev\"><i class=\"fas fa-angle-left\"><\/i><\/div>\n\t\t\t\t\t\t\t\t\t\t\t\t\t<div class=\"swiper-pagination\"><\/div>\n\t\t\t\t\t\t\t\t\t\t\t\t\t<div class=\"stm-swiper-next\"><i class=\"fas fa-angle-right\"><\/i><\/div>\n\t\t\t\t\t\t\t<\/div>\n\t\t\t<\/div>\n\t<script>\n\t( function( $ ) {\n\t\t\"use strict\";\n\t\t\t\t$(window).on('elementor\/frontend\/init', function() {\n\t\t\t\t\tlet swiper = new Swiper('#stm_image_carousel-51526', {\n\t\t\t\t\t\t\t\tloop: true,\n\t\t\t\t\n\t\t\t\t\t\t\t\t\tsimulateTouch: false,\n\t\t\t\t\n\t\t\t\t\t\t\t\t\tautoplay: {\n\t\t\t\t\t\t\t\t\t\t\t\t\tdelay: 3000,\n\t\t\t\t\t\t\n\t\t\t\t\t\t\t\t\t\t\t},\n\t\t\t\t\n\t\t\t\t\t\t\t\t\tspeed: 300,\n\t\t\t\t\n\t\t\t\t\t\t\t\t\tslidesPerGroup: 1,\n\t\t\t\t\n\t\t\t\tslidesPerView: 1,\n\n\t\t\t\tspaceBetween: 12,\n\n\t\t\t\tcenterInsufficientSlides: true,\n\n\t\t\t\tbreakpoints: {\n\t\t\t\t\t640: {\n\t\t\t\t\t\tslidesPerView: 3,\n\t\t\t\t\t},\n\t\t\t\t\t992: {\n\t\t\t\t\t\tslidesPerView: 4,\n\t\t\t\t\t}\n\t\t\t\t},\n\t\t\t\t\t\t\t\t\tnavigation: {\n\t\t\t\t\t\tnextEl: '.stm-swiper-next',\n\t\t\t\t\t\tprevEl: '.stm-swiper-prev',\n\t\t\t\t\t},\n\t\t\t\t\n\t\t\t\t\t\t\t\t\tpagination: {\n\t\t\t\t\t\tel: '.swiper-pagination',\n\t\t\t\t\t\tclickable: true,\n\t\t\t\t\t},\n\t\t\t\t\t\t\t});\n\n\t\t\t\t\t});\n\t\t\t} ( jQuery ) );\n\t<\/script>\n\t\t\t\t\t<\/div>\n\t\t\t\t<\/div>\n\t\t\t\t\t<\/div>\n\t\t<\/div>\n\t\t\t\t\t<\/div>\n\t\t<\/section>\n\t\t\t\t\t<\/div>\n\t\t<\/div>\n\t\t\t\t\t<\/div>\n\t\t<\/section>\n\t\t\t\t<\/div>\n\t\t","protected":false},"excerpt":{"rendered":"<p>Citroen Jumper L3H3 Ben\u00f6tigen Sie einen zuverl\u00e4ssigen Transporter f\u00fcr einen Umzug, eine Lieferung, ein Projekt oder f\u00fcr eine langfristige Nutzung? Bei uns bieten wir Ihnen hochwertige, regelm\u00e4\u00dfig gewartete und bestens erhaltene Transporter zur Miete an \u2013 tageweise, wochenweise, monatlich oder langfristig. Telefon: +386 70 418 020 Email: info@mojkombi.si Tr\u017ea\u0161ka cesta 23, Maribor, Slowenien Galerija<\/p>\n","protected":false},"author":1,"featured_media":0,"parent":0,"menu_order":0,"comment_status":"closed","ping_status":"closed","template":"","meta":{"_eb_attr":"","footnotes":""},"class_list":["post-1422","page","type-page","status-publish","hentry"],"yoast_head":"<!-- This site is optimized with the Yoast SEO plugin v26.5 - https:\/\/yoast.com\/wordpress\/plugins\/seo\/ -->\n<title>Citroen Jumper L3H3 - Moj Kombi<\/title>\n<meta name=\"robots\" content=\"index, follow, max-snippet:-1, max-image-preview:large, max-video-preview:-1\" \/>\n<link rel=\"canonical\" href=\"https:\/\/www.mojkombi.si\/citroen-jumper-l3h3\/\" \/>\n<meta property=\"og:locale\" content=\"de_DE\" \/>\n<meta property=\"og:type\" content=\"article\" \/>\n<meta property=\"og:title\" content=\"Citroen Jumper L3H3 - Moj Kombi\" \/>\n<meta property=\"og:description\" content=\"Citroen Jumper L3H3 Ben\u00f6tigen Sie einen zuverl\u00e4ssigen Transporter f\u00fcr einen Umzug, eine Lieferung, ein Projekt oder f\u00fcr eine langfristige Nutzung? Bei uns bieten wir Ihnen hochwertige, regelm\u00e4\u00dfig gewartete und bestens erhaltene Transporter zur Miete an \u2013 tageweise, wochenweise, monatlich oder langfristig. Telefon: +386 70 418 020 Email: info@mojkombi.si Tr\u017ea\u0161ka cesta 23, Maribor, Slowenien Galerija\" \/>\n<meta property=\"og:url\" content=\"https:\/\/www.mojkombi.si\/citroen-jumper-l3h3\/\" \/>\n<meta property=\"og:site_name\" content=\"Moj Kombi\" \/>\n<meta property=\"article:modified_time\" content=\"2025-12-03T22:36:49+00:00\" \/>\n<meta property=\"og:image\" content=\"https:\/\/www.mojkombi.si\/wp-content\/uploads\/2025\/11\/Prikazna-slika-1024x658.webp\" \/>\n<meta name=\"twitter:card\" content=\"summary_large_image\" \/>\n<script type=\"application\/ld+json\" class=\"yoast-schema-graph\">{\"@context\":\"https:\/\/schema.org\",\"@graph\":[{\"@type\":\"WebPage\",\"@id\":\"https:\/\/www.mojkombi.si\/citroen-jumper-l3h3\/\",\"url\":\"https:\/\/www.mojkombi.si\/citroen-jumper-l3h3\/\",\"name\":\"Citroen Jumper L3H3 - Moj Kombi\",\"isPartOf\":{\"@id\":\"https:\/\/www.mojkombi.si\/#website\"},\"primaryImageOfPage\":{\"@id\":\"https:\/\/www.mojkombi.si\/citroen-jumper-l3h3\/#primaryimage\"},\"image\":{\"@id\":\"https:\/\/www.mojkombi.si\/citroen-jumper-l3h3\/#primaryimage\"},\"thumbnailUrl\":\"https:\/\/www.mojkombi.si\/wp-content\/uploads\/2025\/11\/Prikazna-slika-1024x658.webp\",\"datePublished\":\"2025-11-14T11:32:20+00:00\",\"dateModified\":\"2025-12-03T22:36:49+00:00\",\"breadcrumb\":{\"@id\":\"https:\/\/www.mojkombi.si\/citroen-jumper-l3h3\/#breadcrumb\"},\"inLanguage\":\"de\",\"potentialAction\":[{\"@type\":\"ReadAction\",\"target\":[\"https:\/\/www.mojkombi.si\/citroen-jumper-l3h3\/\"]}]},{\"@type\":\"ImageObject\",\"inLanguage\":\"de\",\"@id\":\"https:\/\/www.mojkombi.si\/citroen-jumper-l3h3\/#primaryimage\",\"url\":\"https:\/\/www.mojkombi.si\/wp-content\/uploads\/2025\/11\/Prikazna-slika-1024x658.webp\",\"contentUrl\":\"https:\/\/www.mojkombi.si\/wp-content\/uploads\/2025\/11\/Prikazna-slika-1024x658.webp\"},{\"@type\":\"BreadcrumbList\",\"@id\":\"https:\/\/www.mojkombi.si\/citroen-jumper-l3h3\/#breadcrumb\",\"itemListElement\":[{\"@type\":\"ListItem\",\"position\":1,\"name\":\"Home\",\"item\":\"https:\/\/www.mojkombi.si\/mojkombi-de\/\"},{\"@type\":\"ListItem\",\"position\":2,\"name\":\"Citroen Jumper L3H3\"}]},{\"@type\":\"WebSite\",\"@id\":\"https:\/\/www.mojkombi.si\/#website\",\"url\":\"https:\/\/www.mojkombi.si\/\",\"name\":\"Moj Kombi\",\"description\":\"Najem tovornih kombijev - hitro, enostavno in ugodno\",\"publisher\":{\"@id\":\"https:\/\/www.mojkombi.si\/#organization\"},\"potentialAction\":[{\"@type\":\"SearchAction\",\"target\":{\"@type\":\"EntryPoint\",\"urlTemplate\":\"https:\/\/www.mojkombi.si\/?s={search_term_string}\"},\"query-input\":{\"@type\":\"PropertyValueSpecification\",\"valueRequired\":true,\"valueName\":\"search_term_string\"}}],\"inLanguage\":\"de\"},{\"@type\":\"Organization\",\"@id\":\"https:\/\/www.mojkombi.si\/#organization\",\"name\":\"Moj Kombi\",\"url\":\"https:\/\/www.mojkombi.si\/\",\"logo\":{\"@type\":\"ImageObject\",\"inLanguage\":\"de\",\"@id\":\"https:\/\/www.mojkombi.si\/#\/schema\/logo\/image\/\",\"url\":\"https:\/\/www.mojkombi.si\/wp-content\/uploads\/2025\/10\/cropped-LOGO-final_black.png\",\"contentUrl\":\"https:\/\/www.mojkombi.si\/wp-content\/uploads\/2025\/10\/cropped-LOGO-final_black.png\",\"width\":512,\"height\":512,\"caption\":\"Moj Kombi\"},\"image\":{\"@id\":\"https:\/\/www.mojkombi.si\/#\/schema\/logo\/image\/\"}}]}<\/script>\n<!-- \/ Yoast SEO plugin. -->","yoast_head_json":{"title":"Citroen Jumper L3H3 - Moj Kombi","robots":{"index":"index","follow":"follow","max-snippet":"max-snippet:-1","max-image-preview":"max-image-preview:large","max-video-preview":"max-video-preview:-1"},"canonical":"https:\/\/www.mojkombi.si\/citroen-jumper-l3h3\/","og_locale":"de_DE","og_type":"article","og_title":"Citroen Jumper L3H3 - Moj Kombi","og_description":"Citroen Jumper L3H3 Ben\u00f6tigen Sie einen zuverl\u00e4ssigen Transporter f\u00fcr einen Umzug, eine Lieferung, ein Projekt oder f\u00fcr eine langfristige Nutzung? Bei uns bieten wir Ihnen hochwertige, regelm\u00e4\u00dfig gewartete und bestens erhaltene Transporter zur Miete an \u2013 tageweise, wochenweise, monatlich oder langfristig. Telefon: +386 70 418 020 Email: info@mojkombi.si Tr\u017ea\u0161ka cesta 23, Maribor, Slowenien Galerija","og_url":"https:\/\/www.mojkombi.si\/citroen-jumper-l3h3\/","og_site_name":"Moj Kombi","article_modified_time":"2025-12-03T22:36:49+00:00","og_image":[{"url":"https:\/\/www.mojkombi.si\/wp-content\/uploads\/2025\/11\/Prikazna-slika-1024x658.webp","type":"","width":"","height":""}],"twitter_card":"summary_large_image","schema":{"@context":"https:\/\/schema.org","@graph":[{"@type":"WebPage","@id":"https:\/\/www.mojkombi.si\/citroen-jumper-l3h3\/","url":"https:\/\/www.mojkombi.si\/citroen-jumper-l3h3\/","name":"Citroen Jumper L3H3 - Moj Kombi","isPartOf":{"@id":"https:\/\/www.mojkombi.si\/#website"},"primaryImageOfPage":{"@id":"https:\/\/www.mojkombi.si\/citroen-jumper-l3h3\/#primaryimage"},"image":{"@id":"https:\/\/www.mojkombi.si\/citroen-jumper-l3h3\/#primaryimage"},"thumbnailUrl":"https:\/\/www.mojkombi.si\/wp-content\/uploads\/2025\/11\/Prikazna-slika-1024x658.webp","datePublished":"2025-11-14T11:32:20+00:00","dateModified":"2025-12-03T22:36:49+00:00","breadcrumb":{"@id":"https:\/\/www.mojkombi.si\/citroen-jumper-l3h3\/#breadcrumb"},"inLanguage":"de","potentialAction":[{"@type":"ReadAction","target":["https:\/\/www.mojkombi.si\/citroen-jumper-l3h3\/"]}]},{"@type":"ImageObject","inLanguage":"de","@id":"https:\/\/www.mojkombi.si\/citroen-jumper-l3h3\/#primaryimage","url":"https:\/\/www.mojkombi.si\/wp-content\/uploads\/2025\/11\/Prikazna-slika-1024x658.webp","contentUrl":"https:\/\/www.mojkombi.si\/wp-content\/uploads\/2025\/11\/Prikazna-slika-1024x658.webp"},{"@type":"BreadcrumbList","@id":"https:\/\/www.mojkombi.si\/citroen-jumper-l3h3\/#breadcrumb","itemListElement":[{"@type":"ListItem","position":1,"name":"Home","item":"https:\/\/www.mojkombi.si\/mojkombi-de\/"},{"@type":"ListItem","position":2,"name":"Citroen Jumper L3H3"}]},{"@type":"WebSite","@id":"https:\/\/www.mojkombi.si\/#website","url":"https:\/\/www.mojkombi.si\/","name":"Moj Kombi","description":"Najem tovornih kombijev - hitro, enostavno in ugodno","publisher":{"@id":"https:\/\/www.mojkombi.si\/#organization"},"potentialAction":[{"@type":"SearchAction","target":{"@type":"EntryPoint","urlTemplate":"https:\/\/www.mojkombi.si\/?s={search_term_string}"},"query-input":{"@type":"PropertyValueSpecification","valueRequired":true,"valueName":"search_term_string"}}],"inLanguage":"de"},{"@type":"Organization","@id":"https:\/\/www.mojkombi.si\/#organization","name":"Moj Kombi","url":"https:\/\/www.mojkombi.si\/","logo":{"@type":"ImageObject","inLanguage":"de","@id":"https:\/\/www.mojkombi.si\/#\/schema\/logo\/image\/","url":"https:\/\/www.mojkombi.si\/wp-content\/uploads\/2025\/10\/cropped-LOGO-final_black.png","contentUrl":"https:\/\/www.mojkombi.si\/wp-content\/uploads\/2025\/10\/cropped-LOGO-final_black.png","width":512,"height":512,"caption":"Moj Kombi"},"image":{"@id":"https:\/\/www.mojkombi.si\/#\/schema\/logo\/image\/"}}]}},"_links":{"self":[{"href":"https:\/\/www.mojkombi.si\/de\/wp-json\/wp\/v2\/pages\/1422","targetHints":{"allow":["GET"]}}],"collection":[{"href":"https:\/\/www.mojkombi.si\/de\/wp-json\/wp\/v2\/pages"}],"about":[{"href":"https:\/\/www.mojkombi.si\/de\/wp-json\/wp\/v2\/types\/page"}],"author":[{"embeddable":true,"href":"https:\/\/www.mojkombi.si\/de\/wp-json\/wp\/v2\/users\/1"}],"replies":[{"embeddable":true,"href":"https:\/\/www.mojkombi.si\/de\/wp-json\/wp\/v2\/comments?post=1422"}],"version-history":[{"count":4,"href":"https:\/\/www.mojkombi.si\/de\/wp-json\/wp\/v2\/pages\/1422\/revisions"}],"predecessor-version":[{"id":1503,"href":"https:\/\/www.mojkombi.si\/de\/wp-json\/wp\/v2\/pages\/1422\/revisions\/1503"}],"wp:attachment":[{"href":"https:\/\/www.mojkombi.si\/de\/wp-json\/wp\/v2\/media?parent=1422"}],"curies":[{"name":"wp","href":"https:\/\/api.w.org\/{rel}","templated":true}]}}