{"id":1420,"date":"2025-10-30T16:23:24","date_gmt":"2025-10-30T15:23:24","guid":{"rendered":"https:\/\/www.mojkombi.si\/bmw-520d-touring-xdrive-luxury-line\/"},"modified":"2025-12-03T23:42:10","modified_gmt":"2025-12-03T22:42:10","slug":"bmw-520d-touring-xdrive-luxury-line","status":"publish","type":"page","link":"https:\/\/www.mojkombi.si\/de\/bmw-520d-touring-xdrive-luxury-line\/","title":{"rendered":"BMW 520D Touring xDrive Luxury line"},"content":{"rendered":"\t\t<div data-elementor-type=\"wp-page\" data-elementor-id=\"1420\" class=\"elementor elementor-1420 elementor-1383\">\n\t\t\t\t\t\t<section class=\"elementor-section elementor-top-section elementor-element elementor-element-494ceba elementor-reverse-tablet elementor-reverse-mobile elementor-section-boxed elementor-section-height-default elementor-section-height-default wpr-particle-no wpr-jarallax-no wpr-parallax-no wpr-sticky-section-no\" data-id=\"494ceba\" data-element_type=\"section\">\n\t\t\t\t\t\t<div class=\"elementor-container elementor-column-gap-default\">\n\t\t\t\t\t<div class=\"elementor-column elementor-col-50 elementor-top-column elementor-element elementor-element-b7535cb\" data-id=\"b7535cb\" data-element_type=\"column\">\n\t\t\t<div class=\"elementor-widget-wrap elementor-element-populated\">\n\t\t\t\t\t\t<div class=\"elementor-element elementor-element-e0c2283 elementor-widget elementor-widget-text-editor\" data-id=\"e0c2283\" data-element_type=\"widget\" data-widget_type=\"text-editor.default\">\n\t\t\t\t\t\t\t\t\t<h3>BMW 520D Touring xDrive Luxury line<\/h3><hr \/><p>Miete eines hochwertigen, gesch\u00e4ftlich oder privat nutzbaren Premiumfahrzeugs der BMW 5er-Reihe.<\/p><p>Bei uns bieten wir Ihnen hochwertige, regelm\u00e4\u00dfig gewartete und bestens erhaltene Transporter zur Miete an \u2013 <strong>tageweise, wochenweise, monatlich <\/strong>oder<strong> langfristig.<\/strong><\/p>\t\t\t\t\t\t\t\t<\/div>\n\t\t\t\t<div class=\"elementor-element elementor-element-34c16ed elementor-position-left elementor-mobile-position-left elementor-view-default elementor-widget elementor-widget-icon-box\" data-id=\"34c16ed\" data-element_type=\"widget\" data-widget_type=\"icon-box.default\">\n\t\t\t\t\t\t\t<div class=\"elementor-icon-box-wrapper\">\n\n\t\t\t\t\t\t<div class=\"elementor-icon-box-icon\">\n\t\t\t\t<span  class=\"elementor-icon\">\n\t\t\t\t<i aria-hidden=\"true\" class=\"stmservice-icon- stm-service-icon-sales_phone\"><\/i>\t\t\t\t<\/span>\n\t\t\t<\/div>\n\t\t\t\n\t\t\t\t\t\t<div class=\"elementor-icon-box-content\">\n\n\t\t\t\t\n\t\t\t\t\t\t\t\t\t<p class=\"elementor-icon-box-description\">\n\t\t\t\t\t\tTelefon: <a href=\"tel:+386 70 418 020\">+386 70 418 020<\/a>\n<br>\nEmail: <a href=\"mailto:info@mojkombi.si\">info@mojkombi.si<\/a>\t\t\t\t\t<\/p>\n\t\t\t\t\n\t\t\t<\/div>\n\t\t\t\n\t\t<\/div>\n\t\t\t\t\t\t<\/div>\n\t\t\t\t<div class=\"elementor-element elementor-element-3c59525 elementor-position-left elementor-mobile-position-left elementor-view-default elementor-widget elementor-widget-icon-box\" data-id=\"3c59525\" data-element_type=\"widget\" data-widget_type=\"icon-box.default\">\n\t\t\t\t\t\t\t<div class=\"elementor-icon-box-wrapper\">\n\n\t\t\t\t\t\t<div class=\"elementor-icon-box-icon\">\n\t\t\t\t<span  class=\"elementor-icon\">\n\t\t\t\t<i aria-hidden=\"true\" class=\"stmicon- stm-icon-pin\"><\/i>\t\t\t\t<\/span>\n\t\t\t<\/div>\n\t\t\t\n\t\t\t\t\t\t<div class=\"elementor-icon-box-content\">\n\n\t\t\t\t\t\t\t\t\t<p class=\"elementor-icon-box-title\">\n\t\t\t\t\t\t<span  >\n\t\t\t\t\t\t\tTr\u017ea\u0161ka cesta 23, Maribor, Slowenien\t\t\t\t\t\t<\/span>\n\t\t\t\t\t<\/p>\n\t\t\t\t\n\t\t\t\t\n\t\t\t<\/div>\n\t\t\t\n\t\t<\/div>\n\t\t\t\t\t\t<\/div>\n\t\t\t\t\t<\/div>\n\t\t<\/div>\n\t\t\t\t<div class=\"elementor-column elementor-col-50 elementor-top-column elementor-element elementor-element-d752e90\" data-id=\"d752e90\" data-element_type=\"column\">\n\t\t\t<div class=\"elementor-widget-wrap elementor-element-populated\">\n\t\t\t\t\t\t<div class=\"elementor-element elementor-element-cf8ea1f elementor-widget elementor-widget-image\" data-id=\"cf8ea1f\" data-element_type=\"widget\" data-widget_type=\"image.default\">\n\t\t\t\t\t\t\t\t\t\t\t\t\t\t\t<img fetchpriority=\"high\" decoding=\"async\" width=\"1024\" height=\"728\" src=\"https:\/\/www.mojkombi.si\/wp-content\/uploads\/2025\/10\/Slika_01_prikazna-slika-na-prvi-strani-1024x728.jpg\" class=\"attachment-large size-large wp-image-1382\" alt=\"\" srcset=\"https:\/\/www.mojkombi.si\/wp-content\/uploads\/2025\/10\/Slika_01_prikazna-slika-na-prvi-strani-1024x728.jpg 1024w, https:\/\/www.mojkombi.si\/wp-content\/uploads\/2025\/10\/Slika_01_prikazna-slika-na-prvi-strani-300x213.jpg 300w, https:\/\/www.mojkombi.si\/wp-content\/uploads\/2025\/10\/Slika_01_prikazna-slika-na-prvi-strani-255x181.jpg 255w, https:\/\/www.mojkombi.si\/wp-content\/uploads\/2025\/10\/Slika_01_prikazna-slika-na-prvi-strani-510x363.jpg 510w, https:\/\/www.mojkombi.si\/wp-content\/uploads\/2025\/10\/Slika_01_prikazna-slika-na-prvi-strani-280x199.jpg 280w, https:\/\/www.mojkombi.si\/wp-content\/uploads\/2025\/10\/Slika_01_prikazna-slika-na-prvi-strani-560x398.jpg 560w, https:\/\/www.mojkombi.si\/wp-content\/uploads\/2025\/10\/Slika_01_prikazna-slika-na-prvi-strani-350x249.jpg 350w, https:\/\/www.mojkombi.si\/wp-content\/uploads\/2025\/10\/Slika_01_prikazna-slika-na-prvi-strani-700x498.jpg 700w, https:\/\/www.mojkombi.si\/wp-content\/uploads\/2025\/10\/Slika_01_prikazna-slika-na-prvi-strani-398x283.jpg 398w, https:\/\/www.mojkombi.si\/wp-content\/uploads\/2025\/10\/Slika_01_prikazna-slika-na-prvi-strani-796x566.jpg 796w, https:\/\/www.mojkombi.si\/wp-content\/uploads\/2025\/10\/Slika_01_prikazna-slika-na-prvi-strani-600x427.jpg 600w\" sizes=\"(max-width: 1024px) 100vw, 1024px\" \/>\t\t\t\t\t\t\t\t\t\t\t\t\t\t\t<\/div>\n\t\t\t\t\t<\/div>\n\t\t<\/div>\n\t\t\t\t\t<\/div>\n\t\t<\/section>\n\t\t\t\t<section class=\"elementor-section elementor-top-section elementor-element elementor-element-80c96a6 elementor-section-full_width elementor-section-stretched elementor-section-height-default elementor-section-height-default wpr-particle-no wpr-jarallax-no wpr-parallax-no wpr-sticky-section-no\" data-id=\"80c96a6\" data-element_type=\"section\" data-settings=\"{&quot;stretch_section&quot;:&quot;section-stretched&quot;,&quot;background_background&quot;:&quot;classic&quot;}\">\n\t\t\t\t\t\t<div class=\"elementor-container elementor-column-gap-default\">\n\t\t\t\t\t<div class=\"elementor-column elementor-col-100 elementor-top-column elementor-element elementor-element-bc80d08\" data-id=\"bc80d08\" data-element_type=\"column\">\n\t\t\t<div class=\"elementor-widget-wrap elementor-element-populated\">\n\t\t\t\t\t\t<section class=\"elementor-section elementor-inner-section elementor-element elementor-element-8cc6936 elementor-section-boxed elementor-section-height-default elementor-section-height-default wpr-particle-no wpr-jarallax-no wpr-parallax-no wpr-sticky-section-no\" data-id=\"8cc6936\" data-element_type=\"section\">\n\t\t\t\t\t\t<div class=\"elementor-container elementor-column-gap-default\">\n\t\t\t\t\t<div class=\"elementor-column elementor-col-100 elementor-inner-column elementor-element elementor-element-375ff40\" data-id=\"375ff40\" data-element_type=\"column\">\n\t\t\t<div class=\"elementor-widget-wrap elementor-element-populated\">\n\t\t\t\t\t\t<div class=\"elementor-element elementor-element-548ab7d elementor-widget elementor-widget-heading\" data-id=\"548ab7d\" data-element_type=\"widget\" data-widget_type=\"heading.default\">\n\t\t\t\t\t<h2 class=\"elementor-heading-title elementor-size-default\">Galerija<\/h2>\t\t\t\t<\/div>\n\t\t\t\t<div class=\"elementor-element elementor-element-b2670da elementor-widget elementor-widget-stm-colored-separator\" data-id=\"b2670da\" data-element_type=\"widget\" data-widget_type=\"stm-colored-separator.default\">\n\t\t\t\t<div class=\"elementor-widget-container\">\n\t\t\t\t\t<div class=\"colored-separator\" style=\"text-align: center;\">\n\t\t\t<div class=\"first-long stm-base-background-color\"><\/div>\n\t\t<div class=\"last-short stm-base-background-color\"><\/div>\n\t<\/div>\n\t\t\t\t<\/div>\n\t\t\t\t<\/div>\n\t\t\t\t<div class=\"elementor-element elementor-element-36c793a elementor-widget elementor-widget-motors-image-carousel\" data-id=\"36c793a\" data-element_type=\"widget\" data-widget_type=\"motors-image-carousel.default\">\n\t\t\t\t<div class=\"elementor-widget-container\">\n\t\t\t\t\t\t<div class=\"motors-elementor-widget stm_image_carousel swiper-container\" id=\"stm_image_carousel-95747\">\n\t\t<div class=\"swiper-wrapper\">\n\t\t\t\t\t\t\t\t<div class=\"swiper-slide\">\n\t\t\t\t\t\t\t\t\t\t\t\t<a class=\"stm_fancybox\" href=\"https:\/\/www.mojkombi.si\/wp-content\/uploads\/2025\/10\/20251025_145806-scaled.jpg\"\n\t\t\t\t\t\t\ttitle=\"Image full version\"\n\t\t\t\t\t\t\trel=\"stm_image_carousel-95747\">\n\t\t\t\t\t\t\t\t\t\t\t\t\t<img decoding=\"async\" src=\"https:\/\/www.mojkombi.si\/wp-content\/uploads\/2025\/10\/20251025_145806-scaled-350x250.jpg\" alt=\"Gallery image\">\n\t\t\t\t\t\t\t\t\t\t\t\t<\/a>\n\t\t\t\t\t\t\t\t\t\t\t<\/div>\n\t\t\t\t\t\t\t\t\t\t<div class=\"swiper-slide\">\n\t\t\t\t\t\t\t\t\t\t\t\t<a class=\"stm_fancybox\" href=\"https:\/\/www.mojkombi.si\/wp-content\/uploads\/2025\/10\/20251025_145818-scaled.jpg\"\n\t\t\t\t\t\t\ttitle=\"Image full version\"\n\t\t\t\t\t\t\trel=\"stm_image_carousel-95747\">\n\t\t\t\t\t\t\t\t\t\t\t\t\t<img decoding=\"async\" src=\"https:\/\/www.mojkombi.si\/wp-content\/uploads\/2025\/10\/20251025_145818-scaled-350x250.jpg\" alt=\"Gallery image\">\n\t\t\t\t\t\t\t\t\t\t\t\t<\/a>\n\t\t\t\t\t\t\t\t\t\t\t<\/div>\n\t\t\t\t\t\t\t\t\t\t<div class=\"swiper-slide\">\n\t\t\t\t\t\t\t\t\t\t\t\t<a class=\"stm_fancybox\" href=\"https:\/\/www.mojkombi.si\/wp-content\/uploads\/2025\/10\/20251025_145829-scaled.jpg\"\n\t\t\t\t\t\t\ttitle=\"Image full version\"\n\t\t\t\t\t\t\trel=\"stm_image_carousel-95747\">\n\t\t\t\t\t\t\t\t\t\t\t\t\t<img decoding=\"async\" src=\"https:\/\/www.mojkombi.si\/wp-content\/uploads\/2025\/10\/20251025_145829-scaled-350x250.jpg\" alt=\"Gallery image\">\n\t\t\t\t\t\t\t\t\t\t\t\t<\/a>\n\t\t\t\t\t\t\t\t\t\t\t<\/div>\n\t\t\t\t\t\t\t\t\t\t<div class=\"swiper-slide\">\n\t\t\t\t\t\t\t\t\t\t\t\t<a class=\"stm_fancybox\" href=\"https:\/\/www.mojkombi.si\/wp-content\/uploads\/2025\/10\/20251025_145837-scaled.jpg\"\n\t\t\t\t\t\t\ttitle=\"Image full version\"\n\t\t\t\t\t\t\trel=\"stm_image_carousel-95747\">\n\t\t\t\t\t\t\t\t\t\t\t\t\t<img decoding=\"async\" src=\"https:\/\/www.mojkombi.si\/wp-content\/uploads\/2025\/10\/20251025_145837-scaled-350x250.jpg\" alt=\"Gallery image\">\n\t\t\t\t\t\t\t\t\t\t\t\t<\/a>\n\t\t\t\t\t\t\t\t\t\t\t<\/div>\n\t\t\t\t\t\t\t\t\t\t<div class=\"swiper-slide\">\n\t\t\t\t\t\t\t\t\t\t\t\t<a class=\"stm_fancybox\" href=\"https:\/\/www.mojkombi.si\/wp-content\/uploads\/2025\/10\/20251025_145844-scaled.jpg\"\n\t\t\t\t\t\t\ttitle=\"Image full version\"\n\t\t\t\t\t\t\trel=\"stm_image_carousel-95747\">\n\t\t\t\t\t\t\t\t\t\t\t\t\t<img decoding=\"async\" src=\"https:\/\/www.mojkombi.si\/wp-content\/uploads\/2025\/10\/20251025_145844-scaled-350x250.jpg\" alt=\"Gallery image\">\n\t\t\t\t\t\t\t\t\t\t\t\t<\/a>\n\t\t\t\t\t\t\t\t\t\t\t<\/div>\n\t\t\t\t\t\t\t\t\t\t<div class=\"swiper-slide\">\n\t\t\t\t\t\t\t\t\t\t\t\t<a class=\"stm_fancybox\" href=\"https:\/\/www.mojkombi.si\/wp-content\/uploads\/2025\/10\/20251025_145856-scaled.jpg\"\n\t\t\t\t\t\t\ttitle=\"Image full version\"\n\t\t\t\t\t\t\trel=\"stm_image_carousel-95747\">\n\t\t\t\t\t\t\t\t\t\t\t\t\t<img decoding=\"async\" src=\"https:\/\/www.mojkombi.si\/wp-content\/uploads\/2025\/10\/20251025_145856-scaled-350x250.jpg\" alt=\"Gallery image\">\n\t\t\t\t\t\t\t\t\t\t\t\t<\/a>\n\t\t\t\t\t\t\t\t\t\t\t<\/div>\n\t\t\t\t\t\t\t\t\t\t<div class=\"swiper-slide\">\n\t\t\t\t\t\t\t\t\t\t\t\t<a class=\"stm_fancybox\" href=\"https:\/\/www.mojkombi.si\/wp-content\/uploads\/2025\/10\/20251025_145904-scaled.jpg\"\n\t\t\t\t\t\t\ttitle=\"Image full version\"\n\t\t\t\t\t\t\trel=\"stm_image_carousel-95747\">\n\t\t\t\t\t\t\t\t\t\t\t\t\t<img decoding=\"async\" src=\"https:\/\/www.mojkombi.si\/wp-content\/uploads\/2025\/10\/20251025_145904-scaled-350x250.jpg\" alt=\"Gallery image\">\n\t\t\t\t\t\t\t\t\t\t\t\t<\/a>\n\t\t\t\t\t\t\t\t\t\t\t<\/div>\n\t\t\t\t\t\t\t\t\t\t<div class=\"swiper-slide\">\n\t\t\t\t\t\t\t\t\t\t\t\t<a class=\"stm_fancybox\" href=\"https:\/\/www.mojkombi.si\/wp-content\/uploads\/2025\/10\/20251025_145922-scaled.jpg\"\n\t\t\t\t\t\t\ttitle=\"Image full version\"\n\t\t\t\t\t\t\trel=\"stm_image_carousel-95747\">\n\t\t\t\t\t\t\t\t\t\t\t\t\t<img decoding=\"async\" src=\"https:\/\/www.mojkombi.si\/wp-content\/uploads\/2025\/10\/20251025_145922-scaled-350x250.jpg\" alt=\"Gallery image\">\n\t\t\t\t\t\t\t\t\t\t\t\t<\/a>\n\t\t\t\t\t\t\t\t\t\t\t<\/div>\n\t\t\t\t\t\t\t<\/div>\n\n\t\t\t\t\t<div class=\"stm-swiper-controls\">\n\t\t\t\t\t\t\t\t\t<div class=\"stm-swiper-prev\"><i class=\"fas fa-angle-left\"><\/i><\/div>\n\t\t\t\t\t\t\t\t\t\t\t\t\t<div class=\"swiper-pagination\"><\/div>\n\t\t\t\t\t\t\t\t\t\t\t\t\t<div class=\"stm-swiper-next\"><i class=\"fas fa-angle-right\"><\/i><\/div>\n\t\t\t\t\t\t\t<\/div>\n\t\t\t<\/div>\n\t<script>\n\t( function( $ ) {\n\t\t\"use strict\";\n\t\t\t\t$(window).on('elementor\/frontend\/init', function() {\n\t\t\t\t\tlet swiper = new Swiper('#stm_image_carousel-95747', {\n\t\t\t\t\t\t\t\tloop: true,\n\t\t\t\t\n\t\t\t\t\t\t\t\t\tsimulateTouch: false,\n\t\t\t\t\n\t\t\t\t\t\t\t\t\tautoplay: {\n\t\t\t\t\t\t\t\t\t\t\t\t\tdelay: 3000,\n\t\t\t\t\t\t\n\t\t\t\t\t\t\t\t\t\t\t},\n\t\t\t\t\n\t\t\t\t\t\t\t\t\tspeed: 300,\n\t\t\t\t\n\t\t\t\t\t\t\t\t\tslidesPerGroup: 1,\n\t\t\t\t\n\t\t\t\tslidesPerView: 1,\n\n\t\t\t\tspaceBetween: 12,\n\n\t\t\t\tcenterInsufficientSlides: true,\n\n\t\t\t\tbreakpoints: {\n\t\t\t\t\t640: {\n\t\t\t\t\t\tslidesPerView: 3,\n\t\t\t\t\t},\n\t\t\t\t\t992: {\n\t\t\t\t\t\tslidesPerView: 4,\n\t\t\t\t\t}\n\t\t\t\t},\n\t\t\t\t\t\t\t\t\tnavigation: {\n\t\t\t\t\t\tnextEl: '.stm-swiper-next',\n\t\t\t\t\t\tprevEl: '.stm-swiper-prev',\n\t\t\t\t\t},\n\t\t\t\t\n\t\t\t\t\t\t\t\t\tpagination: {\n\t\t\t\t\t\tel: '.swiper-pagination',\n\t\t\t\t\t\tclickable: true,\n\t\t\t\t\t},\n\t\t\t\t\t\t\t});\n\n\t\t\t\t\t});\n\t\t\t} ( jQuery ) );\n\t<\/script>\n\t\t\t\t\t<\/div>\n\t\t\t\t<\/div>\n\t\t\t\t\t<\/div>\n\t\t<\/div>\n\t\t\t\t\t<\/div>\n\t\t<\/section>\n\t\t\t\t\t<\/div>\n\t\t<\/div>\n\t\t\t\t\t<\/div>\n\t\t<\/section>\n\t\t\t\t<\/div>\n\t\t","protected":false},"excerpt":{"rendered":"<p>BMW 520D Touring xDrive Luxury line Miete eines hochwertigen, gesch\u00e4ftlich oder privat nutzbaren Premiumfahrzeugs der BMW 5er-Reihe. Bei uns bieten wir Ihnen hochwertige, regelm\u00e4\u00dfig gewartete und bestens erhaltene Transporter zur Miete an \u2013 tageweise, wochenweise, monatlich oder langfristig. Telefon: +386 70 418 020 Email: info@mojkombi.si Tr\u017ea\u0161ka cesta 23, Maribor, Slowenien Galerija<\/p>\n","protected":false},"author":1,"featured_media":0,"parent":0,"menu_order":0,"comment_status":"closed","ping_status":"closed","template":"","meta":{"_eb_attr":"","footnotes":""},"class_list":["post-1420","page","type-page","status-publish","hentry"],"yoast_head":"<!-- This site is optimized with the Yoast SEO plugin v26.5 - https:\/\/yoast.com\/wordpress\/plugins\/seo\/ -->\n<title>BMW 520D Touring xDrive Luxury line - Moj Kombi<\/title>\n<meta name=\"robots\" content=\"index, follow, max-snippet:-1, max-image-preview:large, max-video-preview:-1\" \/>\n<link rel=\"canonical\" href=\"https:\/\/www.mojkombi.si\/bmw-520d-touring-xdrive-luxury-line\/\" \/>\n<meta property=\"og:locale\" content=\"de_DE\" \/>\n<meta property=\"og:type\" content=\"article\" \/>\n<meta property=\"og:title\" content=\"BMW 520D Touring xDrive Luxury line - Moj Kombi\" \/>\n<meta property=\"og:description\" content=\"BMW 520D Touring xDrive Luxury line Miete eines hochwertigen, gesch\u00e4ftlich oder privat nutzbaren Premiumfahrzeugs der BMW 5er-Reihe. Bei uns bieten wir Ihnen hochwertige, regelm\u00e4\u00dfig gewartete und bestens erhaltene Transporter zur Miete an \u2013 tageweise, wochenweise, monatlich oder langfristig. Telefon: +386 70 418 020 Email: info@mojkombi.si Tr\u017ea\u0161ka cesta 23, Maribor, Slowenien Galerija\" \/>\n<meta property=\"og:url\" content=\"https:\/\/www.mojkombi.si\/bmw-520d-touring-xdrive-luxury-line\/\" \/>\n<meta property=\"og:site_name\" content=\"Moj Kombi\" \/>\n<meta property=\"article:modified_time\" content=\"2025-12-03T22:42:10+00:00\" \/>\n<meta property=\"og:image\" content=\"https:\/\/www.mojkombi.si\/wp-content\/uploads\/2025\/10\/Slika_01_prikazna-slika-na-prvi-strani-1024x728.jpg\" \/>\n<meta name=\"twitter:card\" content=\"summary_large_image\" \/>\n<script type=\"application\/ld+json\" class=\"yoast-schema-graph\">{\"@context\":\"https:\/\/schema.org\",\"@graph\":[{\"@type\":\"WebPage\",\"@id\":\"https:\/\/www.mojkombi.si\/bmw-520d-touring-xdrive-luxury-line\/\",\"url\":\"https:\/\/www.mojkombi.si\/bmw-520d-touring-xdrive-luxury-line\/\",\"name\":\"BMW 520D Touring xDrive Luxury line - Moj Kombi\",\"isPartOf\":{\"@id\":\"https:\/\/www.mojkombi.si\/#website\"},\"primaryImageOfPage\":{\"@id\":\"https:\/\/www.mojkombi.si\/bmw-520d-touring-xdrive-luxury-line\/#primaryimage\"},\"image\":{\"@id\":\"https:\/\/www.mojkombi.si\/bmw-520d-touring-xdrive-luxury-line\/#primaryimage\"},\"thumbnailUrl\":\"https:\/\/www.mojkombi.si\/wp-content\/uploads\/2025\/10\/Slika_01_prikazna-slika-na-prvi-strani-1024x728.jpg\",\"datePublished\":\"2025-10-30T15:23:24+00:00\",\"dateModified\":\"2025-12-03T22:42:10+00:00\",\"breadcrumb\":{\"@id\":\"https:\/\/www.mojkombi.si\/bmw-520d-touring-xdrive-luxury-line\/#breadcrumb\"},\"inLanguage\":\"de\",\"potentialAction\":[{\"@type\":\"ReadAction\",\"target\":[\"https:\/\/www.mojkombi.si\/bmw-520d-touring-xdrive-luxury-line\/\"]}]},{\"@type\":\"ImageObject\",\"inLanguage\":\"de\",\"@id\":\"https:\/\/www.mojkombi.si\/bmw-520d-touring-xdrive-luxury-line\/#primaryimage\",\"url\":\"https:\/\/www.mojkombi.si\/wp-content\/uploads\/2025\/10\/Slika_01_prikazna-slika-na-prvi-strani-1024x728.jpg\",\"contentUrl\":\"https:\/\/www.mojkombi.si\/wp-content\/uploads\/2025\/10\/Slika_01_prikazna-slika-na-prvi-strani-1024x728.jpg\"},{\"@type\":\"BreadcrumbList\",\"@id\":\"https:\/\/www.mojkombi.si\/bmw-520d-touring-xdrive-luxury-line\/#breadcrumb\",\"itemListElement\":[{\"@type\":\"ListItem\",\"position\":1,\"name\":\"Home\",\"item\":\"https:\/\/www.mojkombi.si\/mojkombi-de\/\"},{\"@type\":\"ListItem\",\"position\":2,\"name\":\"BMW 520D Touring xDrive Luxury line\"}]},{\"@type\":\"WebSite\",\"@id\":\"https:\/\/www.mojkombi.si\/#website\",\"url\":\"https:\/\/www.mojkombi.si\/\",\"name\":\"Moj Kombi\",\"description\":\"Najem tovornih kombijev - hitro, enostavno in ugodno\",\"publisher\":{\"@id\":\"https:\/\/www.mojkombi.si\/#organization\"},\"potentialAction\":[{\"@type\":\"SearchAction\",\"target\":{\"@type\":\"EntryPoint\",\"urlTemplate\":\"https:\/\/www.mojkombi.si\/?s={search_term_string}\"},\"query-input\":{\"@type\":\"PropertyValueSpecification\",\"valueRequired\":true,\"valueName\":\"search_term_string\"}}],\"inLanguage\":\"de\"},{\"@type\":\"Organization\",\"@id\":\"https:\/\/www.mojkombi.si\/#organization\",\"name\":\"Moj Kombi\",\"url\":\"https:\/\/www.mojkombi.si\/\",\"logo\":{\"@type\":\"ImageObject\",\"inLanguage\":\"de\",\"@id\":\"https:\/\/www.mojkombi.si\/#\/schema\/logo\/image\/\",\"url\":\"https:\/\/www.mojkombi.si\/wp-content\/uploads\/2025\/10\/cropped-LOGO-final_black.png\",\"contentUrl\":\"https:\/\/www.mojkombi.si\/wp-content\/uploads\/2025\/10\/cropped-LOGO-final_black.png\",\"width\":512,\"height\":512,\"caption\":\"Moj Kombi\"},\"image\":{\"@id\":\"https:\/\/www.mojkombi.si\/#\/schema\/logo\/image\/\"}}]}<\/script>\n<!-- \/ Yoast SEO plugin. -->","yoast_head_json":{"title":"BMW 520D Touring xDrive Luxury line - Moj Kombi","robots":{"index":"index","follow":"follow","max-snippet":"max-snippet:-1","max-image-preview":"max-image-preview:large","max-video-preview":"max-video-preview:-1"},"canonical":"https:\/\/www.mojkombi.si\/bmw-520d-touring-xdrive-luxury-line\/","og_locale":"de_DE","og_type":"article","og_title":"BMW 520D Touring xDrive Luxury line - Moj Kombi","og_description":"BMW 520D Touring xDrive Luxury line Miete eines hochwertigen, gesch\u00e4ftlich oder privat nutzbaren Premiumfahrzeugs der BMW 5er-Reihe. Bei uns bieten wir Ihnen hochwertige, regelm\u00e4\u00dfig gewartete und bestens erhaltene Transporter zur Miete an \u2013 tageweise, wochenweise, monatlich oder langfristig. Telefon: +386 70 418 020 Email: info@mojkombi.si Tr\u017ea\u0161ka cesta 23, Maribor, Slowenien Galerija","og_url":"https:\/\/www.mojkombi.si\/bmw-520d-touring-xdrive-luxury-line\/","og_site_name":"Moj Kombi","article_modified_time":"2025-12-03T22:42:10+00:00","og_image":[{"url":"https:\/\/www.mojkombi.si\/wp-content\/uploads\/2025\/10\/Slika_01_prikazna-slika-na-prvi-strani-1024x728.jpg","type":"","width":"","height":""}],"twitter_card":"summary_large_image","schema":{"@context":"https:\/\/schema.org","@graph":[{"@type":"WebPage","@id":"https:\/\/www.mojkombi.si\/bmw-520d-touring-xdrive-luxury-line\/","url":"https:\/\/www.mojkombi.si\/bmw-520d-touring-xdrive-luxury-line\/","name":"BMW 520D Touring xDrive Luxury line - Moj Kombi","isPartOf":{"@id":"https:\/\/www.mojkombi.si\/#website"},"primaryImageOfPage":{"@id":"https:\/\/www.mojkombi.si\/bmw-520d-touring-xdrive-luxury-line\/#primaryimage"},"image":{"@id":"https:\/\/www.mojkombi.si\/bmw-520d-touring-xdrive-luxury-line\/#primaryimage"},"thumbnailUrl":"https:\/\/www.mojkombi.si\/wp-content\/uploads\/2025\/10\/Slika_01_prikazna-slika-na-prvi-strani-1024x728.jpg","datePublished":"2025-10-30T15:23:24+00:00","dateModified":"2025-12-03T22:42:10+00:00","breadcrumb":{"@id":"https:\/\/www.mojkombi.si\/bmw-520d-touring-xdrive-luxury-line\/#breadcrumb"},"inLanguage":"de","potentialAction":[{"@type":"ReadAction","target":["https:\/\/www.mojkombi.si\/bmw-520d-touring-xdrive-luxury-line\/"]}]},{"@type":"ImageObject","inLanguage":"de","@id":"https:\/\/www.mojkombi.si\/bmw-520d-touring-xdrive-luxury-line\/#primaryimage","url":"https:\/\/www.mojkombi.si\/wp-content\/uploads\/2025\/10\/Slika_01_prikazna-slika-na-prvi-strani-1024x728.jpg","contentUrl":"https:\/\/www.mojkombi.si\/wp-content\/uploads\/2025\/10\/Slika_01_prikazna-slika-na-prvi-strani-1024x728.jpg"},{"@type":"BreadcrumbList","@id":"https:\/\/www.mojkombi.si\/bmw-520d-touring-xdrive-luxury-line\/#breadcrumb","itemListElement":[{"@type":"ListItem","position":1,"name":"Home","item":"https:\/\/www.mojkombi.si\/mojkombi-de\/"},{"@type":"ListItem","position":2,"name":"BMW 520D Touring xDrive Luxury line"}]},{"@type":"WebSite","@id":"https:\/\/www.mojkombi.si\/#website","url":"https:\/\/www.mojkombi.si\/","name":"Moj Kombi","description":"Najem tovornih kombijev - hitro, enostavno in ugodno","publisher":{"@id":"https:\/\/www.mojkombi.si\/#organization"},"potentialAction":[{"@type":"SearchAction","target":{"@type":"EntryPoint","urlTemplate":"https:\/\/www.mojkombi.si\/?s={search_term_string}"},"query-input":{"@type":"PropertyValueSpecification","valueRequired":true,"valueName":"search_term_string"}}],"inLanguage":"de"},{"@type":"Organization","@id":"https:\/\/www.mojkombi.si\/#organization","name":"Moj Kombi","url":"https:\/\/www.mojkombi.si\/","logo":{"@type":"ImageObject","inLanguage":"de","@id":"https:\/\/www.mojkombi.si\/#\/schema\/logo\/image\/","url":"https:\/\/www.mojkombi.si\/wp-content\/uploads\/2025\/10\/cropped-LOGO-final_black.png","contentUrl":"https:\/\/www.mojkombi.si\/wp-content\/uploads\/2025\/10\/cropped-LOGO-final_black.png","width":512,"height":512,"caption":"Moj Kombi"},"image":{"@id":"https:\/\/www.mojkombi.si\/#\/schema\/logo\/image\/"}}]}},"_links":{"self":[{"href":"https:\/\/www.mojkombi.si\/de\/wp-json\/wp\/v2\/pages\/1420","targetHints":{"allow":["GET"]}}],"collection":[{"href":"https:\/\/www.mojkombi.si\/de\/wp-json\/wp\/v2\/pages"}],"about":[{"href":"https:\/\/www.mojkombi.si\/de\/wp-json\/wp\/v2\/types\/page"}],"author":[{"embeddable":true,"href":"https:\/\/www.mojkombi.si\/de\/wp-json\/wp\/v2\/users\/1"}],"replies":[{"embeddable":true,"href":"https:\/\/www.mojkombi.si\/de\/wp-json\/wp\/v2\/comments?post=1420"}],"version-history":[{"count":4,"href":"https:\/\/www.mojkombi.si\/de\/wp-json\/wp\/v2\/pages\/1420\/revisions"}],"predecessor-version":[{"id":1516,"href":"https:\/\/www.mojkombi.si\/de\/wp-json\/wp\/v2\/pages\/1420\/revisions\/1516"}],"wp:attachment":[{"href":"https:\/\/www.mojkombi.si\/de\/wp-json\/wp\/v2\/media?parent=1420"}],"curies":[{"name":"wp","href":"https:\/\/api.w.org\/{rel}","templated":true}]}}